{"id":2,"date":"2012-07-13T16:06:55","date_gmt":"2012-07-13T14:06:55","guid":{"rendered":"http:\/\/www.archiurbain.be\/wpress\/?page_id=2"},"modified":"2020-11-28T14:48:06","modified_gmt":"2020-11-28T13:48:06","slug":"contacts","status":"publish","type":"page","link":"https:\/\/www.archiurbain.be\/?page_id=2","title":{"rendered":"Contacts"},"content":{"rendered":"\n<p>Productions :<\/p>\n\n\n\n<blockquote class=\"wp-block-quote is-layout-flow wp-block-quote-is-layout-flow\"><p>Les D\u00e9lires Productions sprl<br>66a rue des Plantes. 1210 Bruxelles<br><a rel=\"noopener noreferrer\" href=\"mailto:info@lesdelires.be\" target=\"_blank\">info@lesdelires.be<\/a><\/p><p>Orico Studio asbl<br>70 Rue des Plantes. 1210 Bruxelles<br><a rel=\"noopener noreferrer\" href=\"mailto:info@oricostudio.org\" target=\"_blank\">info@oricostudio.org<\/a><\/p><\/blockquote>\n\n\n\n<p>Journaliste :<\/p>\n\n\n\n<blockquote class=\"wp-block-quote is-layout-flow wp-block-quote-is-layout-flow\"><p>Mister Emma :&nbsp;<a href=\"mailto:info@archiurbain.be\" target=\"_blank\" rel=\"noopener noreferrer\">info@archiurbain.be<\/a><\/p><\/blockquote>\n\n\n\n<p>Montage vid\u00e9o :<\/p>\n\n\n\n<blockquote class=\"wp-block-quote is-layout-flow wp-block-quote-is-layout-flow\"><p>Cristina Dias<\/p><\/blockquote>\n\n\n\n<p>Sponsoring :<\/p>\n\n\n\n<blockquote class=\"wp-block-quote is-layout-flow wp-block-quote-is-layout-flow\"><p>Devenez l&rsquo;expert d&rsquo;Archi Urbain en souscrivant \u00e0 l&rsquo;une de nos formules de partenariat. D\u00e9couvrez le d\u00e9tail <a href=\"https:\/\/www.archiurbain.be\/?page_id=8262\" data-type=\"page\" data-id=\"8262\">ICI<\/a>.<\/p><\/blockquote>\n\n\n\n<p>Relation presse et envoi de communiqu\u00e9s :<\/p>\n\n\n\n<blockquote class=\"wp-block-quote is-layout-flow wp-block-quote-is-layout-flow\"><p>Presse :&nbsp;<a href=\"mailto:info@archiurbain.be\" target=\"_blank\" rel=\"noopener noreferrer\">info@archiurbain.be<\/a><br>T\u00e9l\u00e9chargement logo :&nbsp;<a href=\"https:\/\/www.archiurbain.be\/wp-content\/img\/logos_partenaires\/logo_archiurbain.jpg\" target=\"_blank\" rel=\"noopener noreferrer\">Download<\/a><\/p><\/blockquote>\n\n\n\n<p>Articles de presse :<\/p>\n\n\n\n<blockquote class=\"wp-block-quote is-layout-flow wp-block-quote-is-layout-flow\"><p><a href=\"https:\/\/www.archiurbain.be\/wp-content\/img\/Presse\/La_Libre_Immo_201126.pdf\" target=\"_blank\" rel=\"noopener noreferrer\">La Libre Immo &#8211; Dossier \u00ab\u00a0Femmes et urbanisme\u00a0\u00bb (26\/11\/20)<\/a><br><a href=\"https:\/\/architectura.be\/fr\/actualite\/40982\/archi-urbain-larchitecture-et-lurbanisme-a-bout-de-bras\" target=\"_blank\" rel=\"noopener noreferrer\">architectura.be (11\/02\/20)<\/a><br><a href=\"https:\/\/www.archiurbain.be\/wp-content\/img\/Presse\/Le_Soir_Immo_300120.jpeg\" target=\"_blank\" rel=\"noopener noreferrer\">Le Soir Immo (30\/01\/20)<\/a><br><a href=\"https:\/\/www.archiurbain.be\/wp-content\/img\/Presse\/La_Libre_Immo_171013.pdf\" target=\"_blank\" rel=\"noopener noreferrer\">La Libre Immo (17\/10\/13)<\/a><br><a href=\"https:\/\/www.archiurbain.be\/wp-content\/img\/Presse\/Le_Soir_Immo_171013.pdf\" target=\"_blank\" rel=\"noopener noreferrer\">Le Soir Immo (17\/10\/13)<\/a><br><a href=\"https:\/\/www.archiurbain.be\/wp-content\/img\/Presse\/Espace-vie0213.pdf\">Espace Vie (f\u00e9vrier 2013 &#8211; n\u00b0228)<\/a><br><a href=\"https:\/\/www.archiurbain.be\/wp-content\/img\/Presse\/Telepro_260612.png\">T\u00e9l\u00e9pro (26\/06\/12)<\/a><br><a href=\"https:\/\/www.archiurbain.be\/wp-content\/img\/Presse\/Tribune_de_Bruxelles_100512.pdf\">Tribune de Bruxelles (10\/05\/12)<\/a><br><a href=\"https:\/\/www.archiurbain.be\/wp-content\/img\/Presse\/La_Capitale_090512.pdf\">La Capitale (09\/05\/12)<\/a><\/p><\/blockquote>\n\n\n\n<p><\/p>\n","protected":false},"excerpt":{"rendered":"<p>Productions : Les D\u00e9lires Productions sprl66a rue des Plantes. 1210 Bruxellesinfo@lesdelires.be Orico Studio asbl70 Rue des Plantes. 1210 Bruxellesinfo@oricostudio.org Journaliste : Mister Emma :&nbsp;info@archiurbain.be Montage vid\u00e9o : Cristina Dias Sponsoring : Devenez l&rsquo;expert d&rsquo;Archi Urbain en souscrivant \u00e0 l&rsquo;une de nos formules de partenariat. D\u00e9couvrez le d\u00e9tail ICI. Relation presse et envoi de communiqu\u00e9s : Presse :&nbsp;info@archiurbain.beT\u00e9l\u00e9chargement logo :&nbsp;Download Articles de presse : La Libre &hellip; <a href=\"https:\/\/www.archiurbain.be\/?page_id=2\" class=\"more-link\">Continuer de lire <span class=\"screen-reader-text\">Contacts<\/span><\/a><\/p>\n","protected":false},"author":1,"featured_media":0,"parent":0,"menu_order":2,"comment_status":"closed","ping_status":"open","template":"","meta":{"_monsterinsights_skip_tracking":false,"_monsterinsights_sitenote_active":false,"_monsterinsights_sitenote_note":"","_monsterinsights_sitenote_category":0,"footnotes":""},"tags":[],"class_list":["post-2","page","type-page","status-publish","hentry"],"jetpack_sharing_enabled":true,"_links":{"self":[{"href":"https:\/\/www.archiurbain.be\/index.php?rest_route=\/wp\/v2\/pages\/2","targetHints":{"allow":["GET"]}}],"collection":[{"href":"https:\/\/www.archiurbain.be\/index.php?rest_route=\/wp\/v2\/pages"}],"about":[{"href":"https:\/\/www.archiurbain.be\/index.php?rest_route=\/wp\/v2\/types\/page"}],"author":[{"embeddable":true,"href":"https:\/\/www.archiurbain.be\/index.php?rest_route=\/wp\/v2\/users\/1"}],"replies":[{"embeddable":true,"href":"https:\/\/www.archiurbain.be\/index.php?rest_route=%2Fwp%2Fv2%2Fcomments&post=2"}],"version-history":[{"count":26,"href":"https:\/\/www.archiurbain.be\/index.php?rest_route=\/wp\/v2\/pages\/2\/revisions"}],"predecessor-version":[{"id":8634,"href":"https:\/\/www.archiurbain.be\/index.php?rest_route=\/wp\/v2\/pages\/2\/revisions\/8634"}],"wp:attachment":[{"href":"https:\/\/www.archiurbain.be\/index.php?rest_route=%2Fwp%2Fv2%2Fmedia&parent=2"}],"wp:term":[{"taxonomy":"post_tag","embeddable":true,"href":"https:\/\/www.archiurbain.be\/index.php?rest_route=%2Fwp%2Fv2%2Ftags&post=2"}],"curies":[{"name":"wp","href":"https:\/\/api.w.org\/{rel}","templated":true}]}}