{"id":13291,"date":"2024-08-28T13:52:07","date_gmt":"2024-08-28T11:52:07","guid":{"rendered":"https:\/\/www.archiurbain.be\/?page_id=13291"},"modified":"2026-04-06T21:30:29","modified_gmt":"2026-04-06T19:30:29","slug":"tutoriel","status":"publish","type":"page","link":"https:\/\/www.archiurbain.be\/?page_id=13291","title":{"rendered":"TUTORIEL"},"content":{"rendered":"\n<p>Cette page r\u00e9f\u00e9rence l\u2019ensemble des capsules vid\u00e9os <strong>TUTORIEL<\/strong> r\u00e9alis\u00e9e dans le cadre du programme&nbsp;<strong>LABONORD<\/strong>&nbsp;de l&rsquo;\u00e9mission <strong>ARCHI URBAIN<\/strong>. L&rsquo;objectif de ces tuto&rsquo;s est d&rsquo;expliquer un mot, un terme, une pratique li\u00e9e \u00e0 la durabilit\u00e9.<\/p>\n\n\n\n<p><strong>0,1&#8230;9<\/strong><\/p>\n\n\n\n<p><strong>A<\/strong><\/p>\n\n\n\n<ul class=\"wp-block-list\">\n<li><strong><a href=\"https:\/\/www.archiurbain.be\/?p=13294\" data-type=\"post\" data-id=\"13294\" target=\"_blank\" rel=\"noreferrer noopener\">C&rsquo;est quoi l&rsquo;analyse du cycle de vie ? &#8211; LCA vs LCC<\/a><\/strong>, pr\u00e9sent\u00e9 par Arnaud Na\u00f4m\u00e9, Assistant &#8211; chercheur \/ LOCI et Facilitateur environnement \/ Union Wallonne des Architectes (dur\u00e9e : 1&rsquo;19\u00a0\u00bb)<\/li>\n\n\n\n<li><strong><a href=\"https:\/\/www.archiurbain.be\/?p=13296\" data-type=\"post\" data-id=\"13296\" target=\"_blank\" rel=\"noreferrer noopener\">Pourquoi une approche syst\u00e9mique du d\u00e9veloppement durable ?<\/a><\/strong>, pr\u00e9sent\u00e9 par Steven Beckers, Architecte et Expert en \u00e9conomie spiral\u00e9e &#8211; BoPro (dur\u00e9e : 1\u201946\u2019&rsquo;)<\/li>\n\n\n\n<li><strong><a href=\"https:\/\/www.archiurbain.be\/?p=14876\">L\u2019acoustique : le d\u00e9fi inattendu<\/a><\/strong><\/li>\n\n\n\n<li><a href=\"https:\/\/www.archiurbain.be\/?p=14990\" data-type=\"post\" data-id=\"14990\">Acoustique : quelle est la diff\u00e9rence entre un bruit solidien et un bruit a\u00e9rien ?<\/a>, pr\u00e9sent\u00e9 par Daniel de Vroey<\/li>\n<\/ul>\n\n\n\n<p><strong>B<\/strong><\/p>\n\n\n\n<ul class=\"wp-block-list\">\n<li><strong><a href=\"https:\/\/www.archiurbain.be\/?p=13298\" data-type=\"post\" data-id=\"13298\" target=\"_blank\" rel=\"noreferrer noopener\">Pourquoi c\u2019est important de cr\u00e9er des b\u00e2timents modulables ?<\/a><\/strong>, pr\u00e9sent\u00e9 par Steven Beckers, Architecte et Expert en \u00e9conomie spiral\u00e9e &#8211; BoPro (dur\u00e9e : 1&rsquo;34\u00a0\u00bb)<\/li>\n\n\n\n<li><strong><a href=\"https:\/\/www.archiurbain.be\/?p=13300\" data-type=\"post\" data-id=\"13300\" target=\"_blank\" rel=\"noreferrer noopener\">C&rsquo;est quoi la biodiversit\u00e9 en ville ?<\/a><\/strong>, pr\u00e9sent\u00e9 par Steven Beckers, Architecte et Expert en \u00e9conomie spiral\u00e9e &#8211; BoPro (dur\u00e9e : 1&rsquo;32\u00a0\u00bb)<\/li>\n\n\n\n<li><strong><a href=\"https:\/\/www.archiurbain.be\/?p=13302\" data-type=\"post\" data-id=\"13302\" target=\"_blank\" rel=\"noreferrer noopener\">C\u2019est quoi le biomim\u00e9tisme ?<\/a><\/strong>, pr\u00e9sent\u00e9 par Steven Ware, Architecte Partner &#8211; ArtBuild Architects (dur\u00e9e : 1&rsquo;49\u00a0\u00bb)<\/li>\n\n\n\n<li><strong><a href=\"https:\/\/www.archiurbain.be\/?p=13304\" data-type=\"post\" data-id=\"13304\" target=\"_blank\" rel=\"noreferrer noopener\">C\u2019est quoi la biophilie ?<\/a><\/strong>, pr\u00e9sent\u00e9 par Steven Ware, Architecte Partner &#8211; ArtBuild Architects (dur\u00e9e : 2&rsquo;12\u00a0\u00bb)<\/li>\n<\/ul>\n\n\n\n<p><strong>C<\/strong><\/p>\n\n\n\n<ul class=\"wp-block-list\">\n<li><strong><a href=\"https:\/\/www.archiurbain.be\/?p=13307\" data-type=\"post\" data-id=\"13307\" target=\"_blank\" rel=\"noreferrer noopener\">\u00c7a veut dire quoi \u00ab&nbsp;Cradle-to-Cradle&nbsp;\u00bb ?<\/a><\/strong>, pr\u00e9sent\u00e9 par Steven Beckers, Architecte et Expert en \u00e9conomie spiral\u00e9e &#8211; BoPro (dur\u00e9e : 0&rsquo;59\u00a0\u00bb)<\/li>\n\n\n\n<li><strong><a href=\"https:\/\/www.archiurbain.be\/?p=14876\">Comment va-t-on se chauffer demain ?<\/a><\/strong><\/li>\n<\/ul>\n\n\n\n<p><strong>D<\/strong><\/p>\n\n\n\n<ul class=\"wp-block-list\">\n<li><strong><a href=\"https:\/\/www.archiurbain.be\/?p=13309\" data-type=\"post\" data-id=\"13309\" target=\"_blank\" rel=\"noreferrer noopener\">C\u2019est quoi le Design for Assembly and Disassembly (DFAD) ?<\/a><\/strong>, pr\u00e9sent\u00e9 par Sebastian Moreno-Vacca, Architecte fondateur &#8211; A2M (dur\u00e9e : 1&rsquo;16\u00a0\u00bb)<\/li>\n\n\n\n<li><strong><a href=\"https:\/\/www.archiurbain.be\/?p=13311\" data-type=\"post\" data-id=\"13311\" target=\"_blank\" rel=\"noreferrer noopener\">Comment interpr\u00e9ter les objectifs du d\u00e9veloppement durable en immobilier ?<\/a><\/strong>, pr\u00e9sent\u00e9 par Steven Beckers, Architecte et Expert en \u00e9conomie spiral\u00e9e &#8211; BoPro (dur\u00e9e : 1\u201904\u2019&rsquo;)<\/li>\n<\/ul>\n\n\n\n<p><strong>E<\/strong><\/p>\n\n\n\n<ul class=\"wp-block-list\">\n<li><strong><a href=\"https:\/\/www.archiurbain.be\/?p=13313\" data-type=\"post\" data-id=\"13313\" target=\"_blank\" rel=\"noreferrer noopener\">Pourquoi faut-il r\u00e9cup\u00e9rer les eaux de pluie ?<\/a><\/strong>, pr\u00e9sent\u00e9 par Steven Beckers, Architecte et Expert en \u00e9conomie spiral\u00e9e &#8211; BoPro (dur\u00e9e : 1&rsquo;58\u00a0\u00bb)<\/li>\n\n\n\n<li><strong><a href=\"https:\/\/www.archiurbain.be\/?p=13315\" data-type=\"post\" data-id=\"13315\" target=\"_blank\" rel=\"noreferrer noopener\">C\u2019est quoi une eau grise ? Que faut-il en faire ?<\/a><\/strong>, pr\u00e9sent\u00e9 par Steven Beckers, Architecte et Expert en \u00e9conomie spiral\u00e9e &#8211; BoPro (dur\u00e9e : 1&rsquo;08\u00a0\u00bb)<\/li>\n\n\n\n<li><strong><a href=\"https:\/\/www.archiurbain.be\/?p=13318\" data-type=\"post\" data-id=\"13318\" target=\"_blank\" rel=\"noreferrer noopener\">\u00c7a veut dire quoi ESG ?<\/a><\/strong>, pr\u00e9sent\u00e9 par Morgane Stok, Sustainability Officer &#8211; BPI Real Estate (dur\u00e9e : 3&rsquo;13\u00a0\u00bb)<\/li>\n\n\n\n<li><strong><a href=\"https:\/\/www.archiurbain.be\/?p=13320\" data-type=\"post\" data-id=\"13320\" target=\"_blank\" rel=\"noreferrer noopener\">C&rsquo;est quoi l&rsquo;\u00e9conomie circulaire r\u00e9g\u00e9n\u00e9rative ?<\/a><\/strong>, pr\u00e9sent\u00e9 par Steven Beckers, Architecte et Expert en \u00e9conomie spiral\u00e9e &#8211; BoPro (dur\u00e9e : 1&rsquo;42\u00a0\u00bb)<\/li>\n\n\n\n<li><strong><a href=\"https:\/\/www.archiurbain.be\/?p=14876\">\u00c9tanch\u00e9it\u00e9 \u00e0 l\u2019air<\/a><\/strong> : \u00e9viter que le chauffage ne s\u2019\u00e9chappe<\/li>\n\n\n\n<li><a href=\"https:\/\/www.archiurbain.be\/?p=14996\" data-type=\"post\" data-id=\"14996\">Quelle est la diff\u00e9rence entre une \u00e9tanch\u00e9it\u00e9 \u00e0 l&rsquo;air et une isolation thermique ?<\/a>, pr\u00e9sent\u00e9 par Daniel de Vroey<\/li>\n\n\n\n<li><a href=\"https:\/\/www.archiurbain.be\/?p=14992\" data-type=\"post\" data-id=\"14992\">C&rsquo;est quoi l&rsquo;\u00e9tanch\u00e9it\u00e9 \u00e0 l&rsquo;air ?<\/a>, pr\u00e9sent\u00e9 par Daniel de Vroey<\/li>\n<\/ul>\n\n\n\n<p><strong>F<\/strong><\/p>\n\n\n\n<p><strong>G<\/strong><\/p>\n\n\n\n<ul class=\"wp-block-list\">\n<li><strong><a href=\"https:\/\/www.archiurbain.be\/?p=13322\" data-type=\"post\" data-id=\"13322\" target=\"_blank\" rel=\"noreferrer noopener\">C\u2019est quoi la g\u00e9othermie ?<\/a><\/strong>, pr\u00e9sent\u00e9 par Fr\u00e9d\u00e9ric Oleksandrow, Ing\u00e9nieur &#8211; EWA engineering (dur\u00e9e : 3&rsquo;21\u00a0\u00bb)<\/li>\n<\/ul>\n\n\n\n<p><strong>H<\/strong><\/p>\n\n\n\n<p><strong>I<\/strong><\/p>\n\n\n\n<ul class=\"wp-block-list\">\n<li><strong><a href=\"https:\/\/www.archiurbain.be\/?p=13324\" data-type=\"post\" data-id=\"13324\" target=\"_blank\" rel=\"noreferrer noopener\">C&rsquo;est quoi un inventaire de r\u00e9emploi ou de pr\u00e9d\u00e9molition ?<\/a><\/strong>, pr\u00e9sent\u00e9 par Arnaud Na\u00f4m\u00e9, Assistant &#8211; chercheur \/ LOCI et Facilitateur environnement \/ Union Wallonne des Architectes (dur\u00e9e : 1&rsquo;47\u00a0\u00bb)<\/li>\n\n\n\n<li><strong><a href=\"https:\/\/www.archiurbain.be\/?p=14876\">Isolation<\/a><\/strong> : combien faut-il vraiment ?<\/li>\n<\/ul>\n\n\n\n<p><strong>J<\/strong><\/p>\n\n\n\n<p><strong>K<\/strong><\/p>\n\n\n\n<p><strong>L<\/strong><\/p>\n\n\n\n<ul class=\"wp-block-list\">\n<li><strong><a href=\"https:\/\/www.archiurbain.be\/?p=13294\" data-type=\"post\" data-id=\"13294\" target=\"_blank\" rel=\"noreferrer noopener\">C&rsquo;est quoi l&rsquo;analyse du cycle de vie ? &#8211; LCA vs LCC<\/a><\/strong>, pr\u00e9sent\u00e9 par Arnaud Na\u00f4m\u00e9, Assistant &#8211; chercheur \/ LOCI et Facilitateur environnement \/ Union Wallonne des Architectes (dur\u00e9e : 1&rsquo;19\u00a0\u00bb)<\/li>\n<\/ul>\n\n\n\n<p><strong>M<\/strong><\/p>\n\n\n\n<ul class=\"wp-block-list\">\n<li><strong><a href=\"https:\/\/www.archiurbain.be\/?p=13326\" data-type=\"post\" data-id=\"13326\" target=\"_blank\" rel=\"noreferrer noopener\">C&rsquo;est quoi un mat\u00e9riau bio-sourc\u00e9 ?<\/a><\/strong>, pr\u00e9sent\u00e9 par Arnaud Na\u00f4m\u00e9, Assistant &#8211; chercheur \/ LOCI et Facilitateur environnement \/ Union Wallonne des Architectes (dur\u00e9e : 0&rsquo;51\u00a0\u00bb)<\/li>\n<\/ul>\n\n\n\n<p><strong>N<\/strong><\/p>\n\n\n\n<p><strong>O<\/strong><\/p>\n\n\n\n<p><strong>P<\/strong><\/p>\n\n\n\n<ul class=\"wp-block-list\">\n<li><strong><a href=\"https:\/\/www.archiurbain.be\/?p=13329\" data-type=\"post\" data-id=\"13329\" target=\"_blank\" rel=\"noreferrer noopener\">C\u2019est quoi une passoire \u00e9nerg\u00e9tique ?<\/a><\/strong>, pr\u00e9sent\u00e9 par Sandra Gottcheiner, Development &amp; Innovation Director (dur\u00e9e : 4&rsquo;52\u00a0\u00bb)<\/li>\n\n\n\n<li><strong><a href=\"https:\/\/www.archiurbain.be\/?p=13331\" data-type=\"post\" data-id=\"13331\" target=\"_blank\" rel=\"noreferrer noopener\">C\u2019est quoi la PEB ?<\/a><\/strong>, pr\u00e9sent\u00e9 par Pascale Hourman, Porte-parole &#8211; Bruxelles Environnement (dur\u00e9e : 3&rsquo;07\u00a0\u00bb)<\/li>\n\n\n\n<li><a href=\"https:\/\/www.archiurbain.be\/?p=14876\"><strong>Comprendre la PEB<\/strong><\/a> : mode d&#8217;emploi pour mieux r\u00e9nover<\/li>\n\n\n\n<li><a href=\"https:\/\/www.archiurbain.be\/?p=14999\" data-type=\"post\" data-id=\"14999\">Qu&rsquo;est-ce qu&rsquo;un pont thermique ?<\/a>, pr\u00e9sent\u00e9 par Daniel de Vroey<\/li>\n\n\n\n<li><a href=\"https:\/\/www.archiurbain.be\/?p=14996\" data-type=\"post\" data-id=\"14996\">Quelle est la diff\u00e9rence entre une \u00e9tanch\u00e9it\u00e9 \u00e0 l&rsquo;air et une isolation thermique ?<\/a>, pr\u00e9sent\u00e9 par Daniel de Vroey<\/li>\n<\/ul>\n\n\n\n<p><strong>K<\/strong><\/p>\n\n\n\n<p><strong>R<\/strong><\/p>\n\n\n\n<ul class=\"wp-block-list\">\n<li><strong><a href=\"https:\/\/www.archiurbain.be\/?p=13333\" data-type=\"post\" data-id=\"13333\" target=\"_blank\" rel=\"noreferrer noopener\">C\u2019est quoi le r\u00e9emploi ?<\/a><\/strong>, pr\u00e9sent\u00e9 par Arnaud Na\u00f4m\u00e9, Assistant &#8211; chercheur \/ LOCI et Facilitateur environnement \/ Union Wallonne des Architectes (dur\u00e9e : 1&rsquo;43\u00a0\u00bb)<\/li>\n\n\n\n<li><strong><a href=\"https:\/\/www.archiurbain.be\/?p=13335\" data-type=\"post\" data-id=\"13335\" target=\"_blank\" rel=\"noreferrer noopener\">C\u2019est quoi la diff\u00e9rence entre le r\u00e9emploi et le recyclage ?<\/a><\/strong>, pr\u00e9sent\u00e9 par Arnaud Na\u00f4m\u00e9, Assistant &#8211; chercheur \/ LOCI et Facilitateur environnement \/ Union Wallonne des Architectes (dur\u00e9e : 1&rsquo;07\u00a0\u00bb)<\/li>\n\n\n\n<li><strong><a href=\"https:\/\/www.archiurbain.be\/?p=13337\" data-type=\"post\" data-id=\"13337\" target=\"_blank\" rel=\"noreferrer noopener\">C\u2019est quoi le regenerative design ?<\/a><\/strong>, pr\u00e9sent\u00e9 par Sebastian Moreno-Vacca, Architecte fondateur &#8211; A2M (dur\u00e9e : 4&rsquo;14\u00a0\u00bb)<\/li>\n\n\n\n<li><strong><a href=\"https:\/\/www.archiurbain.be\/?p=13339\" data-type=\"post\" data-id=\"13339\" target=\"_blank\" rel=\"noreferrer noopener\">C\u2019est quoi RENOLAB.B ?<\/a><\/strong>, pr\u00e9sent\u00e9 par Pascale Hourman, Porte-parole &#8211; Bruxelles Environnement (dur\u00e9e : 2&rsquo;28\u00a0\u00bb)<\/li>\n\n\n\n<li><strong><a href=\"https:\/\/www.archiurbain.be\/?p=13341\" data-type=\"post\" data-id=\"13341\" target=\"_blank\" rel=\"noreferrer noopener\">C\u2019est quoi RENOLAB.ID ?<\/a><\/strong>, pr\u00e9sent\u00e9 par Pascale Hourman, Porte-parole &#8211; Bruxelles Environnement (dur\u00e9e : 2&rsquo;18\u00a0\u00bb)<\/li>\n\n\n\n<li><strong><a href=\"https:\/\/www.archiurbain.be\/?p=13343\" data-type=\"post\" data-id=\"13343\" target=\"_blank\" rel=\"noreferrer noopener\">C&rsquo;est quoi Renolution ?<\/a><\/strong>, pr\u00e9sent\u00e9 par Laurent Schiltz, membre de la cellule op\u00e9rationnelle &#8211; Renolution (dur\u00e9e : 2&rsquo;13\u00a0\u00bb)<\/li>\n\n\n\n<li><strong><a href=\"https:\/\/www.archiurbain.be\/?p=13345\" data-type=\"post\" data-id=\"13345\" target=\"_blank\" rel=\"noreferrer noopener\">C&rsquo;est quoi la r\u00e9versibilit\u00e9 technique ?<\/a><\/strong>, pr\u00e9sent\u00e9 par Arnaud Na\u00f4m\u00e9, Assistant &#8211; chercheur \/ LOCI et Facilitateur environnement \/ Union Wallonne des Architectes (dur\u00e9e : 1&rsquo;53\u00a0\u00bb)<\/li>\n<\/ul>\n\n\n\n<p><strong>S, T, U<\/strong><\/p>\n\n\n\n<ul class=\"wp-block-list\">\n<li><strong><a href=\"https:\/\/www.archiurbain.be\/?p=13347\" data-type=\"post\" data-id=\"13347\" target=\"_blank\" rel=\"noreferrer noopener\">\u00c7a sert \u00e0 quoi les toitures v\u00e9g\u00e9tales ?<\/a><\/strong>, pr\u00e9sent\u00e9 par Steven Beckers, Architecte et Expert en \u00e9conomie spiral\u00e9e &#8211; BoPro (dur\u00e9e : 1&rsquo;56\u00a0\u00bb)<\/li>\n<\/ul>\n\n\n\n<p><strong>V, W, X, Y, Z<\/strong><\/p>\n\n\n\n<ul class=\"wp-block-list\">\n<li><strong><a href=\"https:\/\/www.archiurbain.be\/?p=13349\" data-type=\"post\" data-id=\"13349\" target=\"_blank\" rel=\"noreferrer noopener\">C&rsquo;est quoi la ville productive ?<\/a><\/strong>, pr\u00e9sent\u00e9 par Steven Beckers, Architecte et Expert en \u00e9conomie spiral\u00e9e &#8211; BoPro (dur\u00e9e : 1&rsquo;35\u00a0\u00bb)<\/li>\n\n\n\n<li><strong><a href=\"https:\/\/www.archiurbain.be\/?p=14876\">Ventilation<\/a><\/strong> : respirer dans une maison \u00e9tanche<\/li>\n<\/ul>\n","protected":false},"excerpt":{"rendered":"<p>Cette page r\u00e9f\u00e9rence l\u2019ensemble des capsules vid\u00e9os TUTORIEL r\u00e9alis\u00e9e dans le cadre du programme&nbsp;LABONORD&nbsp;de l&rsquo;\u00e9mission ARCHI URBAIN. L&rsquo;objectif de ces tuto&rsquo;s est d&rsquo;expliquer un mot, un terme, une pratique li\u00e9e \u00e0 la durabilit\u00e9. 0,1&#8230;9 A B C D E F G H I J K L M N O P K R S, T, U V, W, X, Y, Z <a href=\"https:\/\/www.archiurbain.be\/?page_id=13291\" class=\"more-link\">Continuer de lire <span class=\"screen-reader-text\">TUTORIEL<\/span><\/a><\/p>\n","protected":false},"author":1,"featured_media":0,"parent":0,"menu_order":0,"comment_status":"closed","ping_status":"closed","template":"","meta":{"_monsterinsights_skip_tracking":false,"_monsterinsights_sitenote_active":false,"_monsterinsights_sitenote_note":"","_monsterinsights_sitenote_category":0,"footnotes":""},"tags":[594,4304,5396,5445,5535],"class_list":["post-13291","page","type-page","status-publish","hentry","tag-archiurbain","tag-durabilite","tag-labonord","tag-sustainability","tag-tutoriel"],"jetpack_sharing_enabled":true,"_links":{"self":[{"href":"https:\/\/www.archiurbain.be\/index.php?rest_route=\/wp\/v2\/pages\/13291","targetHints":{"allow":["GET"]}}],"collection":[{"href":"https:\/\/www.archiurbain.be\/index.php?rest_route=\/wp\/v2\/pages"}],"about":[{"href":"https:\/\/www.archiurbain.be\/index.php?rest_route=\/wp\/v2\/types\/page"}],"author":[{"embeddable":true,"href":"https:\/\/www.archiurbain.be\/index.php?rest_route=\/wp\/v2\/users\/1"}],"replies":[{"embeddable":true,"href":"https:\/\/www.archiurbain.be\/index.php?rest_route=%2Fwp%2Fv2%2Fcomments&post=13291"}],"version-history":[{"count":5,"href":"https:\/\/www.archiurbain.be\/index.php?rest_route=\/wp\/v2\/pages\/13291\/revisions"}],"predecessor-version":[{"id":15002,"href":"https:\/\/www.archiurbain.be\/index.php?rest_route=\/wp\/v2\/pages\/13291\/revisions\/15002"}],"wp:attachment":[{"href":"https:\/\/www.archiurbain.be\/index.php?rest_route=%2Fwp%2Fv2%2Fmedia&parent=13291"}],"wp:term":[{"taxonomy":"post_tag","embeddable":true,"href":"https:\/\/www.archiurbain.be\/index.php?rest_route=%2Fwp%2Fv2%2Ftags&post=13291"}],"curies":[{"name":"wp","href":"https:\/\/api.w.org\/{rel}","templated":true}]}}