{"id":12384,"date":"2024-04-29T16:12:56","date_gmt":"2024-04-29T14:12:56","guid":{"rendered":"https:\/\/www.archiurbain.be\/?page_id=12384"},"modified":"2026-03-17T08:51:36","modified_gmt":"2026-03-17T07:51:36","slug":"whos-who","status":"publish","type":"page","link":"https:\/\/www.archiurbain.be\/?page_id=12384","title":{"rendered":"WHO&rsquo;s WHO"},"content":{"rendered":"\n<p>Cette page r\u00e9f\u00e9rence l&rsquo;ensemble des entreprises <strong>LABONORD<\/strong> investies dans la durabilit\u00e9. Cliquez sur le nom de l&rsquo;entreprise pour d\u00e9couvrir son engagement et voir le portrait vid\u00e9o.<\/p>\n\n\n\n<p><strong>0, 1&#8230;9<\/strong><\/p>\n\n\n\n<ul class=\"wp-block-list\">\n<li><a href=\"https:\/\/www.archiurbain.be\/?p=12391\" data-type=\"post\" data-id=\"12391\" target=\"_blank\" rel=\"noreferrer noopener\">450ppm<\/a><\/li>\n<\/ul>\n\n\n\n<p><strong>A<\/strong><\/p>\n\n\n\n<ul class=\"wp-block-list\">\n<li>A2M<\/li>\n\n\n\n<li><a href=\"https:\/\/www.archiurbain.be\/?p=12393\" data-type=\"post\" data-id=\"12393\" target=\"_blank\" rel=\"noreferrer noopener\">AAC<\/a><\/li>\n\n\n\n<li><a href=\"https:\/\/www.archiurbain.be\/?p=12680\" target=\"_blank\" rel=\"noreferrer noopener\">Alexandru Patrichi Architects<\/a><\/li>\n\n\n\n<li><a href=\"https:\/\/www.archiurbain.be\/?p=12395\" data-type=\"post\" data-id=\"12395\" target=\"_blank\" rel=\"noreferrer noopener\">Altiplan\u00b0architects<\/a><\/li>\n\n\n\n<li><a href=\"https:\/\/www.archiurbain.be\/?p=12397\" data-type=\"post\" data-id=\"12397\" target=\"_blank\" rel=\"noreferrer noopener\">ARCHi2000<\/a><\/li>\n\n\n\n<li><a href=\"https:\/\/www.archiurbain.be\/?p=12682\" target=\"_blank\" rel=\"noreferrer noopener\">ArtBuild Architects<\/a><\/li>\n\n\n\n<li><a href=\"https:\/\/www.archiurbain.be\/?p=12399\" data-type=\"post\" data-id=\"12399\" target=\"_blank\" rel=\"noreferrer noopener\">assar architects<\/a><\/li>\n\n\n\n<li><a href=\"https:\/\/www.archiurbain.be\/?p=12401\" data-type=\"post\" data-id=\"12401\" target=\"_blank\" rel=\"noreferrer noopener\">At Osborne<\/a><\/li>\n\n\n\n<li><a href=\"https:\/\/www.archiurbain.be\/?p=12403\" data-type=\"post\" data-id=\"12403\" target=\"_blank\" rel=\"noreferrer noopener\">Atelier d\u2019Architecture Galand<\/a><\/li>\n\n\n\n<li><a href=\"https:\/\/www.archiurbain.be\/?p=12811\" data-type=\"post\" data-id=\"12811\" target=\"_blank\" rel=\"noreferrer noopener\">ATENOR<\/a><\/li>\n<\/ul>\n\n\n\n<p><strong>B<\/strong><\/p>\n\n\n\n<ul class=\"wp-block-list\">\n<li><a href=\"https:\/\/www.archiurbain.be\/?p=12406\" target=\"_blank\" rel=\"noreferrer noopener\">B2Ai<\/a><\/li>\n\n\n\n<li><a href=\"https:\/\/www.archiurbain.be\/?p=12408\" data-type=\"post\" data-id=\"12408\" target=\"_blank\" rel=\"noreferrer noopener\">B612architectes<\/a><\/li>\n\n\n\n<li><a href=\"https:\/\/www.archiurbain.be\/?p=12411\" data-type=\"post\" data-id=\"12411\" target=\"_blank\" rel=\"noreferrer noopener\">BC Materials<\/a><\/li>\n<\/ul>\n\n\n\n<p><strong>C<\/strong><\/p>\n\n\n\n<ul class=\"wp-block-list\">\n<li><a href=\"https:\/\/www.archiurbain.be\/?p=12413\" data-type=\"post\" data-id=\"12413\" target=\"_blank\" rel=\"noreferrer noopener\">citydev.brussels<\/a><\/li>\n\n\n\n<li><a href=\"https:\/\/www.archiurbain.be\/?p=12415\" data-type=\"post\" data-id=\"12415\" target=\"_blank\" rel=\"noreferrer noopener\">Coliseum<\/a><\/li>\n<\/ul>\n\n\n\n<p><strong>D<\/strong><\/p>\n\n\n\n<ul class=\"wp-block-list\">\n<li><a href=\"https:\/\/www.archiurbain.be\/?p=12693\" data-type=\"post\" data-id=\"12693\" target=\"_blank\" rel=\"noreferrer noopener\">Degr\u00e947<\/a><\/li>\n\n\n\n<li><a href=\"https:\/\/www.archiurbain.be\/?p=12417\" data-type=\"post\" data-id=\"12417\" target=\"_blank\" rel=\"noreferrer noopener\">DDS+<\/a><\/li>\n<\/ul>\n\n\n\n<p><strong>E<\/strong><\/p>\n\n\n\n<ul class=\"wp-block-list\">\n<li><a href=\"https:\/\/www.archiurbain.be\/?p=12419\" data-type=\"post\" data-id=\"12419\" target=\"_blank\" rel=\"noreferrer noopener\">Embuild<\/a><\/li>\n\n\n\n<li><a href=\"https:\/\/www.archiurbain.be\/?p=12740\" data-type=\"post\" data-id=\"12740\" target=\"_blank\" rel=\"noreferrer noopener\">EWA engineering<\/a><\/li>\n<\/ul>\n\n\n\n<p><strong>G<\/strong><\/p>\n\n\n\n<ul class=\"wp-block-list\">\n<li><a href=\"https:\/\/www.archiurbain.be\/?p=12812\" data-type=\"post\" data-id=\"12812\" target=\"_blank\" rel=\"noreferrer noopener\">GS3 architectes<\/a><\/li>\n<\/ul>\n\n\n\n<p><strong>I<\/strong><\/p>\n\n\n\n<ul class=\"wp-block-list\">\n<li><a href=\"https:\/\/www.archiurbain.be\/?p=12810\" data-type=\"post\" data-id=\"12810\" target=\"_blank\" rel=\"noreferrer noopener\">ici architectes<\/a><\/li>\n<\/ul>\n\n\n\n<p><strong>L<\/strong><\/p>\n\n\n\n<ul class=\"wp-block-list\">\n<li><a href=\"https:\/\/www.archiurbain.be\/?p=12421\" data-type=\"post\" data-id=\"12421\" target=\"_blank\" rel=\"noreferrer noopener\">La Verte Voie<\/a><\/li>\n\n\n\n<li><a href=\"https:\/\/www.archiurbain.be\/?p=12423\" data-type=\"post\" data-id=\"12423\" target=\"_blank\" rel=\"noreferrer noopener\">LD2<\/a><\/li>\n\n\n\n<li><a href=\"https:\/\/www.archiurbain.be\/?p=13593\" data-type=\"post\" data-id=\"13593\" target=\"_blank\" rel=\"noreferrer noopener\">LEKO Labs<\/a><\/li>\n\n\n\n<li><a href=\"https:\/\/www.archiurbain.be\/?p=12425\" data-type=\"post\" data-id=\"12425\" target=\"_blank\" rel=\"noreferrer noopener\">Light to Light<\/a><\/li>\n<\/ul>\n\n\n\n<p>N<\/p>\n\n\n\n<ul class=\"wp-block-list\">\n<li><a href=\"https:\/\/www.archiurbain.be\/?p=13887\">Natura Mater<\/a><\/li>\n<\/ul>\n\n\n\n<p><strong>O<\/strong><\/p>\n\n\n\n<ul class=\"wp-block-list\">\n<li><a href=\"https:\/\/www.archiurbain.be\/?p=12427\" target=\"_blank\" rel=\"noreferrer noopener\">OF7<\/a><\/li>\n<\/ul>\n\n\n\n<p><strong>P<\/strong><\/p>\n\n\n\n<ul class=\"wp-block-list\">\n<li><a href=\"https:\/\/www.archiurbain.be\/?p=12429\" data-type=\"post\" data-id=\"12429\" target=\"_blank\" rel=\"noreferrer noopener\">Proptech Lab<\/a><\/li>\n<\/ul>\n\n\n\n<p><strong>S<\/strong><\/p>\n\n\n\n<ul class=\"wp-block-list\">\n<li><a href=\"https:\/\/www.archiurbain.be\/?p=12431\" data-type=\"post\" data-id=\"12431\" target=\"_blank\" rel=\"noreferrer noopener\">Savvy Interior Design<\/a><\/li>\n\n\n\n<li><a href=\"https:\/\/www.archiurbain.be\/?p=14921\">Stabilame<\/a><\/li>\n\n\n\n<li><a href=\"https:\/\/www.archiurbain.be\/?p=12433\" data-type=\"post\" data-id=\"12433\" target=\"_blank\" rel=\"noreferrer noopener\">Sunsoak Design<\/a><\/li>\n<\/ul>\n\n\n\n<p><strong>V<\/strong><\/p>\n\n\n\n<ul class=\"wp-block-list\">\n<li><a href=\"https:\/\/www.archiurbain.be\/?p=12743\" data-type=\"post\" data-id=\"12743\" target=\"_blank\" rel=\"noreferrer noopener\">VELUX<\/a><\/li>\n<\/ul>\n\n\n\n<p><strong>W<\/strong><\/p>\n\n\n\n<ul class=\"wp-block-list\">\n<li><a href=\"https:\/\/www.archiurbain.be\/?p=12435\" data-type=\"post\" data-id=\"12435\" target=\"_blank\" rel=\"noreferrer noopener\">Wanit<\/a><\/li>\n\n\n\n<li><a href=\"https:\/\/www.archiurbain.be\/?p=12437\" target=\"_blank\" rel=\"noreferrer noopener\">WAOW_collectif d&rsquo;enthousiastes<\/a><\/li>\n<\/ul>\n","protected":false},"excerpt":{"rendered":"<p>Cette page r\u00e9f\u00e9rence l&rsquo;ensemble des entreprises LABONORD investies dans la durabilit\u00e9. Cliquez sur le nom de l&rsquo;entreprise pour d\u00e9couvrir son engagement et voir le portrait vid\u00e9o. 0, 1&#8230;9 A B C D E G I L N O P S V W <a href=\"https:\/\/www.archiurbain.be\/?page_id=12384\" class=\"more-link\">Continuer de lire <span class=\"screen-reader-text\">WHO&rsquo;s WHO<\/span><\/a><\/p>\n","protected":false},"author":1,"featured_media":0,"parent":0,"menu_order":0,"comment_status":"closed","ping_status":"closed","template":"","meta":{"_monsterinsights_skip_tracking":false,"_monsterinsights_sitenote_active":false,"_monsterinsights_sitenote_note":"","_monsterinsights_sitenote_category":0,"footnotes":""},"tags":[],"class_list":["post-12384","page","type-page","status-publish","hentry"],"jetpack_sharing_enabled":true,"_links":{"self":[{"href":"https:\/\/www.archiurbain.be\/index.php?rest_route=\/wp\/v2\/pages\/12384","targetHints":{"allow":["GET"]}}],"collection":[{"href":"https:\/\/www.archiurbain.be\/index.php?rest_route=\/wp\/v2\/pages"}],"about":[{"href":"https:\/\/www.archiurbain.be\/index.php?rest_route=\/wp\/v2\/types\/page"}],"author":[{"embeddable":true,"href":"https:\/\/www.archiurbain.be\/index.php?rest_route=\/wp\/v2\/users\/1"}],"replies":[{"embeddable":true,"href":"https:\/\/www.archiurbain.be\/index.php?rest_route=%2Fwp%2Fv2%2Fcomments&post=12384"}],"version-history":[{"count":38,"href":"https:\/\/www.archiurbain.be\/index.php?rest_route=\/wp\/v2\/pages\/12384\/revisions"}],"predecessor-version":[{"id":14923,"href":"https:\/\/www.archiurbain.be\/index.php?rest_route=\/wp\/v2\/pages\/12384\/revisions\/14923"}],"wp:attachment":[{"href":"https:\/\/www.archiurbain.be\/index.php?rest_route=%2Fwp%2Fv2%2Fmedia&parent=12384"}],"wp:term":[{"taxonomy":"post_tag","embeddable":true,"href":"https:\/\/www.archiurbain.be\/index.php?rest_route=%2Fwp%2Fv2%2Ftags&post=12384"}],"curies":[{"name":"wp","href":"https:\/\/api.w.org\/{rel}","templated":true}]}}